{"id":276,"date":"2019-02-20T18:03:17","date_gmt":"2019-02-20T18:03:17","guid":{"rendered":"http:\/\/vsneusiedl-zaya.ac.at\/?page_id=276"},"modified":"2025-11-03T15:56:12","modified_gmt":"2025-11-03T15:56:12","slug":"schulordnung","status":"publish","type":"page","link":"https:\/\/vsneusiedl-zaya.ac.at\/?page_id=276","title":{"rendered":"Schul- und Hausordnung"},"content":{"rendered":"<p style=\"text-align: center;\"><span style=\"font-size: 18pt;\"><strong>Schul- und Hausordnung<br \/>\nder Volksschule Neusiedl an der Zaya<\/strong><\/span><\/p>\n<p><span style=\"font-size: 14pt;\"><strong>Vereinbarungen sichern und verbessern die Schulqualit\u00e4t<\/strong><\/span><\/p>\n<p>Die Schule ist Arbeitsplatz und Ort der Begegnung f\u00fcr Sch\u00fcler, Lehrer und Eltern (<strong>Erziehungsberechtigte<\/strong>). Um das Zusammenleben und Zusammenarbeiten in einem harmonischen Schulklima m\u00f6glichst angenehm zu gestalten, ergeben sich f\u00fcr alle Schulpartner Rechte und Pflichten.<\/p>\n<p>&nbsp;<\/p>\n<p><span style=\"font-size: 14pt;\"><strong>Allgemeines<\/strong><\/span><\/p>\n<ul>\n<li style=\"list-style-type: none;\">\n<ul>\n<li>Die Schulordnung ist ein fixer Bestandteil im Organisationsablauf der Schule. Sie wird im Schulforum beschlossen, den Eltern\/Erziehungsberechtigten zur Kenntnis gebracht und mit den Sch\u00fclern besprochen.<\/li>\n<li>Die von jeder Klasse mit dem Klassenlehrer erarbeitete Klassenordnung und die Verhaltensregeln sind Bestandteil der Schulordnung und von allen einzuhalten.<\/li>\n<li>Die Erziehung der Kinder ist nicht nur Aufgabe der Schule, sondern liegt haupts\u00e4chlich im Verantwortungsbereich der Eltern\/Erziehungsberechtigten.<\/li>\n<li>Grunds\u00e4tzlich ist der Aufenthalt im Schulgeb\u00e4ude den Sch\u00fclern sowie den Lehrern vorbehalten. Deshalb sind die Sch\u00fcler vor der Schult\u00fcr zu verabschieden und zu erwarten.<\/li>\n<li>\u00dcberbekleidung, Schirme und Stra\u00dfenschuhe werden in der Garderobe Die Stra\u00dfenschuhe werden geordnet hingestellt, die Hausschuhe kommen auf die Ablage unter den Garderobenb\u00e4nken. Die G\u00e4nge und Klassenr\u00e4ume d\u00fcrfen nur mit Hausschuhen betreten werden.<\/li>\n<li>Um Verwechslungen zu vermeiden, sollten alle Kleidungsst\u00fccke mit dem Namen des Sch\u00fclers versehen werden.<\/li>\n<li>Sch\u00fcler, Eltern\/Erziehungsberechtigte und Lehrer begegnen einander freundlich und h\u00f6flich. Auf andere zu achten, ihnen wenn n\u00f6tig, zu helfen, T\u00fcren aufzuhalten oder einander zu gr\u00fc\u00dfen, sind selbstverst\u00e4ndliche Zivilcourage zu zeigen, sich einzumischen und in Streitf\u00e4llen schlichtend einzugreifen, ist an unserer Schule erw\u00fcnscht.<\/li>\n<\/ul>\n<\/li>\n<\/ul>\n<p><span style=\"font-size: 14pt;\"><strong>Aufenthalt in der Schule<\/strong><\/span><\/p>\n<ul>\n<li style=\"list-style-type: none;\">\n<ul>\n<li>Das offizielle Betreten des Schulhauses erfolgt ab 7:30 Uhr.<\/li>\n<li>W\u00e4hrend des Unterrichtes darf der Sch\u00fcler die Klasse oder einen anderen Unterrichtsraum (Werkraum, Turnsaal, \u2026) nur mit Genehmigung des Lehrers verlassen. Dies gilt sinngem\u00e4\u00df auch f\u00fcr Schulveranstaltungen. Verl\u00e4sst ein Sch\u00fcler unerlaubt den Unterricht, werden die Eltern\/Erziehungsberechtigten &#8211; oder bei Unerreichbarkeit &#8211; die Polizei benachrichtigt.<\/li>\n<li>Nach dem Unterricht oder der Nachmittagsbetreuung ist das Schulhaus unverz\u00fcglich zu verlassen.<\/li>\n<li>Das Betreten der Schulliegenschaft au\u00dferhalb des Schulbetriebes ist schulfremden Personen grunds\u00e4tzlich verboten. Schulfremde Personen haben beim Betreten des Geb\u00e4udes ihre Anwesenheit einer Lehrperson zu melden!<\/li>\n<li>Bei Abendveranstaltungen f\u00fcr Eltern\/Erziehungsberechtigte (Schulforum, Sprechtag,&#8230;) gibt es keine Beaufsichtigung der Kinder durch Lehrer. Eltern\/Erziehungsberechtigte sind f\u00fcr ihr eigenes Kind verantwortlich.<\/li>\n<\/ul>\n<\/li>\n<\/ul>\n<p>&nbsp;<\/p>\n<p><span style=\"font-size: 14pt;\"><strong>Rechte und Pflichten der Eltern\/Erziehungsberechtigten<\/strong><\/span><\/p>\n<ul>\n<li style=\"list-style-type: none;\">\n<ul>\n<li>Die Eltern\/Erziehungsberechtigten haben die Pflicht, die Unterrichts- und Erziehungsarbeit der Schule zu unterst\u00fctzen.<\/li>\n<li>Eltern sind verpflichtet, die Sch\u00fcler mit den erforderlichen Unterrichtsmitteln auszustatten und auf die gewissenhafte Erf\u00fcllung der sich aus dem Schulbesuch ergebenden Pflichten des Sch\u00fclers einzuwirken, sowie zur F\u00f6rderung der Schulgemeinschaft beizutragen.<\/li>\n<li>Ein Informationsaustausch (Krankmeldung, Turnunterricht \u2013 Befreiung, \u2026) findet \u00fcber SchoolFox statt.<\/li>\n<li>Die Eltern\/Erziehungsberechtigten haben jede \u00c4nderung, die den Sch\u00fcler betreffen (Adresse, Telefonnummer,&#8230;), unverz\u00fcglich dem Klassenlehrer bzw. in der Direktion zu melden.<\/li>\n<li>Meldepflichtige Krankheiten bzw. auch Lausbefall sind der Schulleitung aber auch der Nachmittagsbetreuung unverz\u00fcglich zu melden! Ein Wiederbetreten der Schule ist erst nach Vorlegen eines \u00e4rztlichen Attests gestattet.<\/li>\n<li>Bei Besch\u00e4digung fremden Eigentums haben die Eltern daf\u00fcr zu sorgen, den Schaden zu ersetzen.<\/li>\n<\/ul>\n<\/li>\n<\/ul>\n<p>&nbsp;<\/p>\n<p><span style=\"font-size: 14pt;\"><strong>Rechte und Pflichten der Sch\u00fcler<\/strong><\/span><\/p>\n<ul>\n<li style=\"list-style-type: none;\">\n<ul>\n<li>Der Sch\u00fcler muss zum Unterricht p\u00fcnktlich erscheinen und regelm\u00e4\u00dfig daran teilnehmen (Schulpflicht!). Auch verbindliche und unverbindliche \u00dcbungen, f\u00fcr die der Sch\u00fcler angemeldet ist, m\u00fcssen regelm\u00e4\u00dfig besucht werden.<\/li>\n<li>Der Sch\u00fcler hat die n\u00f6tigen Unterrichtsmittel mitzubringen und in Ordnung zu halten. Er soll seine Arbeitsmittel und die schulischen Einrichtungen schonend behandeln.<\/li>\n<li>Die dem Sch\u00fcler aufgetragenen \u00dcbungen sind sorgf\u00e4ltig und genau zu erledigen und dem Lehrer zur Kontrolle und Korrektur vorzulegen.<\/li>\n<li>Der Umgang zwischen Sch\u00fclern, Lehrern und Eltern\/Erziehungsberechtigten soll in h\u00f6flicher, sachlicher und freundlicher Form erfolgen.<\/li>\n<li>Auf eine gew\u00e4hlte Sprache innerhalb, aber auch au\u00dferhalb des Unterrichts ist zu achten und auf beleidigende Ausdr\u00fccke oder Gesten ist zu verzichten. Schimpfw\u00f6rter sind zu vermeiden und k\u00f6rperliche Angriffe gegen Mitsch\u00fcler oder sogar Lehrkr\u00e4fte sind sofort zu unterlassen. Bei Unstimmigkeiten und Streit sollen sich alle Beteiligten um eine gemeinsame L\u00f6sung bem\u00fchen.<\/li>\n<li>Laufen, Raufen und Herumtollen ist im gesamten Schulgeb\u00e4ude wegen der Unfall- und Verletzungsgefahr nicht gestattet.<\/li>\n<li>G\u00e4nge und WC-Anlagen m\u00fcssen sauber gehalten werden.<\/li>\n<li>Gegenst\u00e4nde, die die Sicherheit gef\u00e4hrden oder den Unterricht st\u00f6ren, d\u00fcrfen nicht in die Schule mitgebracht werden. Bei Missachtung der Vorschrift sind diese dem Lehrer auf Verlangen unverz\u00fcglich auszuh\u00e4ndigen. Sicherheitsgef\u00e4hrdende Gegenst\u00e4nde m\u00fcssen dem Sch\u00fcler sofort abgenommen und d\u00fcrfen nur den Eltern\/dem Erziehungsberechtigten zur\u00fcckgegeben werden.<\/li>\n<li>Der Gebrauch von Mobiltelefonen\/Notfalluhren\/Smartwatches durch die Sch\u00fcler ist in der Schule untersagt. Werden diese mitgebracht, sind sie auszuschalten und in der Schultasche zu verstauen. Es besteht keine Haftung durch den Schulerhalter bzw. P\u00e4dagoginnen oder P\u00e4dagogen bei eventuellen Besch\u00e4digungen oder Verlusten!<\/li>\n<li>Den Anweisungen aller P\u00e4dagoginnen, P\u00e4dagogen und der Schulwartin ist Folge zu leisten.<\/li>\n<\/ul>\n<\/li>\n<\/ul>\n<p>&nbsp;<\/p>\n<p><span style=\"font-size: 14pt;\"><strong>Fernbleiben vom Unterricht<\/strong><\/span><\/p>\n<ul>\n<li style=\"list-style-type: none;\">\n<ul>\n<li>Die Eltern\/Erziehungsberechtigten haben die Schule und die Schulische Nachmittagsbetreuung bei Fernbleiben vom Unterricht umgehend \u00fcber SchoolFox zu benachrichtigen und den Verhinderungsgrund bekannt zu geben. In besonderen F\u00e4llen hat die Vorlage einer \u00e4rztlichen Best\u00e4tigung zu erfolgen. In Absprache mit dem Lehrer soll vers\u00e4umter Unterrichtsstoff nachgeholt werden.<\/li>\n<li>Die Erlaubnis zum Fernbleiben aus begr\u00fcndetem Anlass kann auf Ansuchen erteilt werden.<\/li>\n<li>Das unentschuldigte Fernbleiben von schulpflichtigen Kindern wird als Verwaltungs\u00fcbertretung durch die Bezirksverwaltungsbeh\u00f6rde geahndet. Die Erziehungsberechtigten tragen n\u00e4mlich die Verantwortung, dass ihr Kind die Schule auch tats\u00e4chlich besucht.<\/li>\n<\/ul>\n<\/li>\n<\/ul>\n<p>&nbsp;<\/p>\n<p><span style=\"font-size: 14pt;\"><strong>Schulweg<\/strong><\/span><\/p>\n<ul>\n<li style=\"list-style-type: none;\">\n<ul>\n<li>Die Mitnahme von Skootern, Kickboards, Roller, Skateboards, Rollerblades, Rollschuhen, Fahrr\u00e4dern u. dgl. ist zu unterlassen! (Siehe StVO!)<br \/>\n<strong>Ausnahme:<\/strong> In Begleitung von Eltern\/Erziehungsberechtigten bzw. im Rahmen des Schulunterrichts bei sportlichen Aktivit\u00e4ten.<\/li>\n<\/ul>\n<\/li>\n<\/ul>\n<p>&nbsp;<\/p>\n<p><span style=\"font-size: 14pt;\"><strong>Sicherheitsbestimmungen<\/strong><\/span><\/p>\n<ul>\n<li style=\"list-style-type: none;\">\n<ul>\n<li>Fenster d\u00fcrfen nur vom Lehrer oder in seinem Auftrag ge\u00f6ffnet oder bedient werden. Das Hinauslehnen oder das Sitzen auf den Fensterb\u00e4nken ist nicht erlaubt.<\/li>\n<li>St\u00f6rt ein Sch\u00fcler oder eine Sch\u00fclerin den geordneten Ablauf einer Schulveranstaltung oder wird durch sein Verhalten die eigene oder die k\u00f6rperliche Sicherheit der anderen Teilnehmer gef\u00e4hrdet, so kann er\/sie von dieser Schulveranstaltung ausgeschlossen oder eine Teilnahme daran untersagt werden. W\u00e4hrend dieser Zeit wird der Betroffene jedoch einer anderen Klasse zugeteilt und hat dort den Unterricht zu besuchen!<\/li>\n<li>Im Sportunterricht muss Turnkleidung getragen werden. Schmuck und Uhren stellen eine Gef\u00e4hrdung im Sportunterricht dar und d\u00fcrfen beim Turnen nicht getragen werden. Auch Ohrringe und Piercings m\u00fcssen abgenommen oder mit Pflaster abgedeckt werden. Freundschaftsb\u00e4nder (oder \u00e4hnliches), die nicht abgenommen werden k\u00f6nnen, sind durch Schwei\u00dfb\u00e4nder abzudecken. Lange Haare sollen im Turnunterricht mit einem Haargummi zusammengebunden werden. Keine Haftung durch den Schulerhalter bzw. Lehrer bei Diebstahl, Besch\u00e4digung oder Verlust von Wertgegenst\u00e4nden!<\/li>\n<li>Turnger\u00e4te d\u00fcrfen ohne Genehmigung des Lehrers nicht verwendet werden.<\/li>\n<li>Halten sich die Sch\u00fcler nicht an Regeln oder besch\u00e4digen mutwillig das Gemeindeeigentum, m\u00fcssen die angerichteten Sch\u00e4den ersetzt oder wiedergutgemacht werden &#8211; bzw. haben die Eltern\/Erziehungsberechtigten die Kosten der Instandsetzung zu tragen.<\/li>\n<li>Aus Sicherheitsgr\u00fcnden darf im gesamten Schulgeb\u00e4ude nicht gelaufen werden.<\/li>\n<li>Ereignisse, die die Sicherheit der in der Schule anwesenden Personen gef\u00e4hrden k\u00f6nnen, sind unverz\u00fcglich der Schulleitung oder dem Lehrpersonal zu melden.<\/li>\n<li>Bei Katastrophenf\u00e4llen haben sich die Sch\u00fcler strikt an die Weisungen der P\u00e4dagogen zu halten. Die f\u00fcr den Ernstfall vorgesehenen Fluchtwege sind zu ben\u00fctzen.<\/li>\n<\/ul>\n<\/li>\n<\/ul>\n<p><strong>\u00a0<\/strong><strong>Hinweis:<\/strong> Personenbezogene Bezeichnungen, wie z.B. \u201eSch\u00fcler\u201c oder \u201eLehrer\u201c umfassen gleicherma\u00dfen Personen m\u00e4nnlichen und weiblichen Geschlechts.<\/p>\n","protected":false},"excerpt":{"rendered":"<p>Schul- und Hausordnung der Volksschule Neusiedl an der Zaya Vereinbarungen sichern und verbessern die Schulqualit\u00e4t Die Schule ist Arbeitsplatz und Ort der Begegnung f\u00fcr Sch\u00fcler, Lehrer und Eltern (Erziehungsberechtigte). Um das Zusammenleben und Zusammenarbeiten in einem harmonischen Schulklima m\u00f6glichst angenehm zu gestalten, ergeben sich f\u00fcr alle Schulpartner Rechte und Pflichten. &nbsp; Allgemeines Die Schulordnung ist &hellip; <\/p>\n<p class=\"link-more\"><a href=\"https:\/\/vsneusiedl-zaya.ac.at\/?page_id=276\" class=\"more-link\"><span class=\"screen-reader-text\">\u201eSchul- und Hausordnung\u201c <\/span>weiterlesen<\/a><\/p>\n","protected":false},"author":3,"featured_media":0,"parent":0,"menu_order":0,"comment_status":"closed","ping_status":"closed","template":"","meta":{"footnotes":""},"class_list":["post-276","page","type-page","status-publish","hentry"],"_links":{"self":[{"href":"https:\/\/vsneusiedl-zaya.ac.at\/index.php?rest_route=\/wp\/v2\/pages\/276","targetHints":{"allow":["GET"]}}],"collection":[{"href":"https:\/\/vsneusiedl-zaya.ac.at\/index.php?rest_route=\/wp\/v2\/pages"}],"about":[{"href":"https:\/\/vsneusiedl-zaya.ac.at\/index.php?rest_route=\/wp\/v2\/types\/page"}],"author":[{"embeddable":true,"href":"https:\/\/vsneusiedl-zaya.ac.at\/index.php?rest_route=\/wp\/v2\/users\/3"}],"replies":[{"embeddable":true,"href":"https:\/\/vsneusiedl-zaya.ac.at\/index.php?rest_route=%2Fwp%2Fv2%2Fcomments&post=276"}],"version-history":[{"count":7,"href":"https:\/\/vsneusiedl-zaya.ac.at\/index.php?rest_route=\/wp\/v2\/pages\/276\/revisions"}],"predecessor-version":[{"id":2230,"href":"https:\/\/vsneusiedl-zaya.ac.at\/index.php?rest_route=\/wp\/v2\/pages\/276\/revisions\/2230"}],"wp:attachment":[{"href":"https:\/\/vsneusiedl-zaya.ac.at\/index.php?rest_route=%2Fwp%2Fv2%2Fmedia&parent=276"}],"curies":[{"name":"wp","href":"https:\/\/api.w.org\/{rel}","templated":true}]}}